{"id":100763,"date":"2025-11-03T14:59:55","date_gmt":"2025-11-03T12:59:55","guid":{"rendered":"https:\/\/www.bonuscard.co.za\/bepalings-en-voorwaardes\/"},"modified":"2026-02-09T12:13:11","modified_gmt":"2026-02-09T10:13:11","slug":"bepalings-en-voorwaardes","status":"publish","type":"page","link":"https:\/\/www.bonuscard.co.za\/af-za\/bepalings-en-voorwaardes\/","title":{"rendered":"Bepalings en Voorwaardes"},"content":{"rendered":"<div class=\"et_d4_element et_pb_section et_pb_section_0  et_pb_css_mix_blend_mode et_section_regular et_block_section\" >\n\t\t\t\t\n\t\t\t\t\n\t\t\t\t\n\t\t\t\t\n\t\t\t\t\n\t\t\t\t\n\t\t\t\t<div class=\"et_d4_element et_pb_row et_pb_row_0  et_pb_css_mix_blend_mode et_block_row\">\n\t\t\t\t<div class=\"et_d4_element et_pb_column_4_4 et_pb_column et_pb_column_0  et_pb_css_mix_blend_mode et-last-child et_block_column\">\n\t\t\t\t\n\t\t\t\t\n\t\t\t\t\n\t\t\t\t\n\t\t\t\t<div class=\"et_pb_module et_d4_element et_pb_text et_pb_text_0  et_pb_text_align_left et_pb_bg_layout_light\">\n\t\t\t\t\n\t\t\t\t\n\t\t\t\t\n\t\t\t\t\n\t\t\t\t<div class=\"et_pb_text_inner\"><section class=\"elementor-section elementor-top-section elementor-element elementor-element-4e737df elementor-section-boxed elementor-section-height-default elementor-section-height-default\" data-id=\"4e737df\" data-element_type=\"section\">\n<div class=\"elementor-container elementor-column-gap-default\">\n<div class=\"elementor-column elementor-col-100 elementor-top-column elementor-element elementor-element-78f0506\" data-id=\"78f0506\" data-element_type=\"column\">\n<div class=\"elementor-widget-wrap elementor-element-populated\">\n<div class=\"elementor-element elementor-element-e48b0a3 elementor-widget elementor-widget-heading\" data-id=\"e48b0a3\" data-element_type=\"widget\" data-widget_type=\"heading.default\">\n<div class=\"elementor-widget-container\">\n<h3 class=\"elementor-heading-title elementor-size-default\">Bepalings &amp; Voorwaardes<\/h3>\n<\/div>\n<\/div>\n<\/div>\n<\/div>\n<\/div>\n<\/section>\n<section class=\"elementor-section elementor-top-section elementor-element elementor-element-7f223a1 elementor-section-boxed elementor-section-height-default elementor-section-height-default\" data-id=\"7f223a1\" data-element_type=\"section\">\n<div class=\"elementor-container elementor-column-gap-default\">\n<div class=\"elementor-column elementor-col-100 elementor-top-column elementor-element elementor-element-ac3ca21\" data-id=\"ac3ca21\" data-element_type=\"column\">\n<div class=\"elementor-widget-wrap elementor-element-populated\">\n<div class=\"elementor-element elementor-element-0bdf486 elementor-widget elementor-widget-text-editor\" data-id=\"0bdf486\" data-element_type=\"widget\" data-widget_type=\"text-editor.default\">\n<div class=\"elementor-widget-container\">\n<p><b>Ooreenkoms tussen gebruiker en Pretorium Trust (Ko\u00f6p) Bpk.<\/b><\/p>\n<p>Die Pretorium Trust (Ko\u00f6p) Bpk. webwerf bestaan uit verskeie webbladsye wat deur Pretorium Trust (Ko\u00f6p) Bpk. bedryf word.<\/p>\n<p>Die Pretorium Trust (Ko\u00f6p) Bpk. webwerf word aan u aangebied op voorwaarde van u ongewysigde aanvaarding van die bepalings, voorwaardes en kennisgewings hierin vervat. U gebruik van die Pretorium Trust (Ko\u00f6p) Bpk. webwerf behels u instemming tot al sulke bepalings, voorwaardes en kennisgewings. <\/p>\n<p><b>Wysiging van hierdie Gebruiksvoorwaardes<\/b><\/p>\n<p>Pretorium Trust (Ko\u00f6p) Bpk. behou die reg voor om die bepalings, voorwaardes en kennisgewings waaronder die Pretorium Trust (Ko\u00f6p) Bpk. webwerf aangebied word, te verander, insluitend maar nie beperk nie tot die koste verbonde aan die gebruik van die Pretorium Trust (Ko\u00f6p) Bpk. webwerf.<\/p>\n<p><b>Skakels na derdeparty-webwerwe<\/b><\/p>\n<p>Die Pretorium Trust (Ko\u00f6p) Bpk. webwerf mag skakels na ander webwerwe (\u201cGeskakelde Webwerwe\u201d) bevat. Die Geskakelde Webwerwe is nie onder die beheer van Pretorium Trust (Ko\u00f6p) Bpk. nie en Pretorium Trust (Ko\u00f6p) Bpk. is nie verantwoordelik vir die inhoud van enige Geskakelde Webwerf nie, insluitend sonder beperking enige skakel vervat in 'n Geskakelde Webwerf, of enige veranderinge of opdaterings aan 'n Geskakelde Webwerf. Pretorium Trust (Ko\u00f6p) Bpk. is nie verantwoordelik vir webuitsendings of enige ander vorm van oordrag wat vanaf enige Geskakelde Webwerf ontvang word nie. Pretorium Trust (Ko\u00f6p) Bpk. verskaf hierdie skakels slegs as 'n gerief aan u, en die insluiting van enige skakel impliseer nie goedkeuring deur Pretorium Trust (Ko\u00f6p) Bpk. van die webwerf of enige assosiasie met die operateurs daarvan nie.   <\/p>\n<p><b>Geen onwettige of verbode gebruik nie<\/b><\/p>\n<p>As 'n voorwaarde vir u gebruik van die Pretorium Trust (Ko\u00f6p) Bpk. webwerf, waarborg u aan Pretorium Trust (Ko\u00f6p) Bpk. dat u die Pretorium Trust (Ko\u00f6p) Bpk. webwerf nie sal gebruik vir enige doel wat onwettig of verbode is deur hierdie bepalings, voorwaardes en kennisgewings nie. U mag die Pretorium Trust (Ko\u00f6p) Bpk. webwerf op geen wyse gebruik wat die Pretorium Trust (Ko\u00f6p) Bpk. webwerf kan beskadig, deaktiveer, oorlaai of benadeel, of wat inmeng met enige ander party se gebruik en genot van die Pretorium Trust (Ko\u00f6p) Bpk. webwerf nie. U mag geen materiaal of inligting verkry of probeer verkry deur enige middele wat nie opsetlik beskikbaar gestel of voorsien is deur die Pretorium Trust (Ko\u00f6p) Bpk. webwerwe nie.  <\/p>\n<\/div>\n<\/div>\n<\/div>\n<\/div>\n<\/div>\n<\/section>\n<section class=\"elementor-section elementor-top-section elementor-element elementor-element-a70db8e elementor-section-boxed elementor-section-height-default elementor-section-height-default\" data-id=\"a70db8e\" data-element_type=\"section\">\n<div class=\"elementor-container elementor-column-gap-default\">\n<div class=\"elementor-column elementor-col-100 elementor-top-column elementor-element elementor-element-b05f62b\" data-id=\"b05f62b\" data-element_type=\"column\">\n<div class=\"elementor-widget-wrap elementor-element-populated\">\n<div class=\"elementor-element elementor-element-0f93243 elementor-widget elementor-widget-heading\" data-id=\"0f93243\" data-element_type=\"widget\" data-widget_type=\"heading.default\">\n<div class=\"elementor-widget-container\">\n<h3 class=\"elementor-heading-title elementor-size-default\">Kopiereg- en handelsmerk-kennisgewings<\/h3>\n<\/div>\n<\/div>\n<\/div>\n<\/div>\n<\/div>\n<\/section>\n<section class=\"elementor-section elementor-top-section elementor-element elementor-element-99f6d7d elementor-section-boxed elementor-section-height-default elementor-section-height-default\" data-id=\"99f6d7d\" data-element_type=\"section\">\n<div class=\"elementor-container elementor-column-gap-default\">\n<div class=\"elementor-column elementor-col-100 elementor-top-column elementor-element elementor-element-5effbc4\" data-id=\"5effbc4\" data-element_type=\"column\">\n<div class=\"elementor-widget-wrap elementor-element-populated\">\n<div class=\"elementor-element elementor-element-9395680 elementor-widget elementor-widget-text-editor\" data-id=\"9395680\" data-element_type=\"widget\" data-widget_type=\"text-editor.default\">\n<div class=\"elementor-widget-container\">\n<p>Alle inhoud van die Pretorium Trust (Ko\u00f6p) Bpk. webwerf is: \u00a9 2013 Pretorium Trust (Ko\u00f6p) Bpk. Alle regte voorbehou en\/of sy verskaffers. Alle regte voorbehou.  <\/p>\n<\/div>\n<\/div>\n<\/div>\n<\/div>\n<\/div>\n<\/section>\n<section class=\"elementor-section elementor-top-section elementor-element elementor-element-8666fa0 elementor-section-boxed elementor-section-height-default elementor-section-height-default\" data-id=\"8666fa0\" data-element_type=\"section\">\n<div class=\"elementor-container elementor-column-gap-default\">\n<div class=\"elementor-column elementor-col-100 elementor-top-column elementor-element elementor-element-c474405\" data-id=\"c474405\" data-element_type=\"column\">\n<div class=\"elementor-widget-wrap elementor-element-populated\">\n<div class=\"elementor-element elementor-element-2cbbe4d elementor-widget elementor-widget-heading\" data-id=\"2cbbe4d\" data-element_type=\"widget\" data-widget_type=\"heading.default\">\n<div class=\"elementor-widget-container\">\n<h3 class=\"elementor-heading-title elementor-size-default\">Handelsmerk<\/h3>\n<\/div>\n<\/div>\n<\/div>\n<\/div>\n<\/div>\n<\/section>\n<section class=\"elementor-section elementor-top-section elementor-element elementor-element-93a7f65 elementor-section-boxed elementor-section-height-default elementor-section-height-default\" data-id=\"93a7f65\" data-element_type=\"section\">\n<div class=\"elementor-container elementor-column-gap-default\">\n<div class=\"elementor-column elementor-col-100 elementor-top-column elementor-element elementor-element-2ceb57c\" data-id=\"2ceb57c\" data-element_type=\"column\">\n<div class=\"elementor-widget-wrap elementor-element-populated\">\n<div class=\"elementor-element elementor-element-c7b748f elementor-widget elementor-widget-text-editor\" data-id=\"c7b748f\" data-element_type=\"widget\" data-widget_type=\"text-editor.default\">\n<div class=\"elementor-widget-container\">\n<p>Die name van werklike maatskappye en produkte wat hierin genoem word, mag die handelsmerke van hul onderskeie eienaars wees.<\/p>\n<p>Die voorbeeldmaatskappye, -organisasies, -produkte, -persone en -gebeure wat hierin uitgebeeld word, is fiktief. Geen assosiasie met enige werklike maatskappy, organisasie, produk, persoon of gebeurtenis word bedoel of moet afgelei word nie. <\/p>\n<p>Enige regte wat nie uitdruklik hierin toegestaan word nie, word voorbehou.<\/p>\n<p> <a href=\"https:\/\/www.pretmembers.co.za\/images\/mailer\/TVE20251104.pdf\">Kompetisie bepalings en voorwaardes<\/a><\/p>\n<p>&nbsp;<\/p>\n<\/div>\n<\/div>\n<\/div>\n<\/div>\n<\/div>\n<\/section><\/div>\n\t\t\t<\/div>\n\t\t\t<\/div>\n\t\t\t\t\n\t\t\t\t\n\t\t\t\t\n\t\t\t\t\n\t\t\t<\/div>\n\t\t\t\t\n\t\t\t\t\n\t\t\t<\/div>\n","protected":false},"excerpt":{"rendered":"","protected":false},"author":1,"featured_media":0,"parent":0,"menu_order":0,"comment_status":"closed","ping_status":"closed","template":"","meta":{"_et_pb_use_builder":"on","_et_pb_old_content":"","_et_gb_content_width":"","footnotes":""},"class_list":["post-100763","page","type-page","status-publish","hentry"],"yoast_head":"<!-- This site is optimized with the Yoast SEO plugin v27.4 - https:\/\/yoast.com\/product\/yoast-seo-wordpress\/ -->\n<title>Bepalings en Voorwaardes - BonusCard<\/title>\n<meta name=\"robots\" content=\"index, follow, max-snippet:-1, max-image-preview:large, max-video-preview:-1\" \/>\n<link rel=\"canonical\" href=\"https:\/\/www.bonuscard.co.za\/af-za\/bepalings-en-voorwaardes\/\" \/>\n<meta property=\"og:locale\" content=\"af_ZA\" \/>\n<meta property=\"og:type\" content=\"article\" \/>\n<meta property=\"og:title\" content=\"Bepalings en Voorwaardes - BonusCard\" \/>\n<meta property=\"og:url\" content=\"https:\/\/www.bonuscard.co.za\/af-za\/bepalings-en-voorwaardes\/\" \/>\n<meta property=\"og:site_name\" content=\"BonusCard\" \/>\n<meta property=\"article:publisher\" content=\"https:\/\/www.facebook.com\/BonusCardPT\" \/>\n<meta property=\"article:modified_time\" content=\"2026-02-09T10:13:11+00:00\" \/>\n<meta name=\"twitter:card\" content=\"summary_large_image\" \/>\n<meta name=\"twitter:label1\" content=\"Est. reading time\" \/>\n\t<meta name=\"twitter:data1\" content=\"3 minutes\" \/>\n<script type=\"application\/ld+json\" class=\"yoast-schema-graph\">{\"@context\":\"https:\\\/\\\/schema.org\",\"@graph\":[{\"@type\":\"WebPage\",\"@id\":\"https:\\\/\\\/www.bonuscard.co.za\\\/af-za\\\/bepalings-en-voorwaardes\\\/\",\"url\":\"https:\\\/\\\/www.bonuscard.co.za\\\/af-za\\\/bepalings-en-voorwaardes\\\/\",\"name\":\"Bepalings en Voorwaardes - BonusCard\",\"isPartOf\":{\"@id\":\"https:\\\/\\\/www.bonuscard.co.za\\\/#website\"},\"datePublished\":\"2025-11-03T12:59:55+00:00\",\"dateModified\":\"2026-02-09T10:13:11+00:00\",\"breadcrumb\":{\"@id\":\"https:\\\/\\\/www.bonuscard.co.za\\\/af-za\\\/bepalings-en-voorwaardes\\\/#breadcrumb\"},\"inLanguage\":\"af-ZA\",\"potentialAction\":[{\"@type\":\"ReadAction\",\"target\":[\"https:\\\/\\\/www.bonuscard.co.za\\\/af-za\\\/bepalings-en-voorwaardes\\\/\"]}]},{\"@type\":\"BreadcrumbList\",\"@id\":\"https:\\\/\\\/www.bonuscard.co.za\\\/af-za\\\/bepalings-en-voorwaardes\\\/#breadcrumb\",\"itemListElement\":[{\"@type\":\"ListItem\",\"position\":1,\"name\":\"Home\",\"item\":\"https:\\\/\\\/www.bonuscard.co.za\\\/af-za\\\/\"},{\"@type\":\"ListItem\",\"position\":2,\"name\":\"Bepalings en Voorwaardes\"}]},{\"@type\":\"WebSite\",\"@id\":\"https:\\\/\\\/www.bonuscard.co.za\\\/#website\",\"url\":\"https:\\\/\\\/www.bonuscard.co.za\\\/\",\"name\":\"BonusCard\",\"description\":\"Powered by Pretorium Trust\",\"publisher\":{\"@id\":\"https:\\\/\\\/www.bonuscard.co.za\\\/#organization\"},\"potentialAction\":[{\"@type\":\"SearchAction\",\"target\":{\"@type\":\"EntryPoint\",\"urlTemplate\":\"https:\\\/\\\/www.bonuscard.co.za\\\/?s={search_term_string}\"},\"query-input\":{\"@type\":\"PropertyValueSpecification\",\"valueRequired\":true,\"valueName\":\"search_term_string\"}}],\"inLanguage\":\"af-ZA\"},{\"@type\":\"Organization\",\"@id\":\"https:\\\/\\\/www.bonuscard.co.za\\\/#organization\",\"name\":\"BonusCard\",\"url\":\"https:\\\/\\\/www.bonuscard.co.za\\\/\",\"logo\":{\"@type\":\"ImageObject\",\"inLanguage\":\"af-ZA\",\"@id\":\"https:\\\/\\\/www.bonuscard.co.za\\\/#\\\/schema\\\/logo\\\/image\\\/\",\"url\":\"https:\\\/\\\/www.bonuscard.co.za\\\/wp-content\\\/uploads\\\/2025\\\/08\\\/logo-1.png\",\"contentUrl\":\"https:\\\/\\\/www.bonuscard.co.za\\\/wp-content\\\/uploads\\\/2025\\\/08\\\/logo-1.png\",\"width\":298,\"height\":77,\"caption\":\"BonusCard\"},\"image\":{\"@id\":\"https:\\\/\\\/www.bonuscard.co.za\\\/#\\\/schema\\\/logo\\\/image\\\/\"},\"sameAs\":[\"https:\\\/\\\/www.facebook.com\\\/BonusCardPT\",\"https:\\\/\\\/www.instagram.com\\\/pretorium.trust\\\/?hl=en\"]}]}<\/script>\n<!-- \/ Yoast SEO plugin. -->","yoast_head_json":{"title":"Bepalings en Voorwaardes - BonusCard","robots":{"index":"index","follow":"follow","max-snippet":"max-snippet:-1","max-image-preview":"max-image-preview:large","max-video-preview":"max-video-preview:-1"},"canonical":"https:\/\/www.bonuscard.co.za\/af-za\/bepalings-en-voorwaardes\/","og_locale":"af_ZA","og_type":"article","og_title":"Bepalings en Voorwaardes - BonusCard","og_url":"https:\/\/www.bonuscard.co.za\/af-za\/bepalings-en-voorwaardes\/","og_site_name":"BonusCard","article_publisher":"https:\/\/www.facebook.com\/BonusCardPT","article_modified_time":"2026-02-09T10:13:11+00:00","twitter_card":"summary_large_image","twitter_misc":{"Est. reading time":"3 minutes"},"schema":{"@context":"https:\/\/schema.org","@graph":[{"@type":"WebPage","@id":"https:\/\/www.bonuscard.co.za\/af-za\/bepalings-en-voorwaardes\/","url":"https:\/\/www.bonuscard.co.za\/af-za\/bepalings-en-voorwaardes\/","name":"Bepalings en Voorwaardes - BonusCard","isPartOf":{"@id":"https:\/\/www.bonuscard.co.za\/#website"},"datePublished":"2025-11-03T12:59:55+00:00","dateModified":"2026-02-09T10:13:11+00:00","breadcrumb":{"@id":"https:\/\/www.bonuscard.co.za\/af-za\/bepalings-en-voorwaardes\/#breadcrumb"},"inLanguage":"af-ZA","potentialAction":[{"@type":"ReadAction","target":["https:\/\/www.bonuscard.co.za\/af-za\/bepalings-en-voorwaardes\/"]}]},{"@type":"BreadcrumbList","@id":"https:\/\/www.bonuscard.co.za\/af-za\/bepalings-en-voorwaardes\/#breadcrumb","itemListElement":[{"@type":"ListItem","position":1,"name":"Home","item":"https:\/\/www.bonuscard.co.za\/af-za\/"},{"@type":"ListItem","position":2,"name":"Bepalings en Voorwaardes"}]},{"@type":"WebSite","@id":"https:\/\/www.bonuscard.co.za\/#website","url":"https:\/\/www.bonuscard.co.za\/","name":"BonusCard","description":"Powered by Pretorium Trust","publisher":{"@id":"https:\/\/www.bonuscard.co.za\/#organization"},"potentialAction":[{"@type":"SearchAction","target":{"@type":"EntryPoint","urlTemplate":"https:\/\/www.bonuscard.co.za\/?s={search_term_string}"},"query-input":{"@type":"PropertyValueSpecification","valueRequired":true,"valueName":"search_term_string"}}],"inLanguage":"af-ZA"},{"@type":"Organization","@id":"https:\/\/www.bonuscard.co.za\/#organization","name":"BonusCard","url":"https:\/\/www.bonuscard.co.za\/","logo":{"@type":"ImageObject","inLanguage":"af-ZA","@id":"https:\/\/www.bonuscard.co.za\/#\/schema\/logo\/image\/","url":"https:\/\/www.bonuscard.co.za\/wp-content\/uploads\/2025\/08\/logo-1.png","contentUrl":"https:\/\/www.bonuscard.co.za\/wp-content\/uploads\/2025\/08\/logo-1.png","width":298,"height":77,"caption":"BonusCard"},"image":{"@id":"https:\/\/www.bonuscard.co.za\/#\/schema\/logo\/image\/"},"sameAs":["https:\/\/www.facebook.com\/BonusCardPT","https:\/\/www.instagram.com\/pretorium.trust\/?hl=en"]}]}},"_links":{"self":[{"href":"https:\/\/www.bonuscard.co.za\/af-za\/wp-json\/wp\/v2\/pages\/100763","targetHints":{"allow":["GET"]}}],"collection":[{"href":"https:\/\/www.bonuscard.co.za\/af-za\/wp-json\/wp\/v2\/pages"}],"about":[{"href":"https:\/\/www.bonuscard.co.za\/af-za\/wp-json\/wp\/v2\/types\/page"}],"author":[{"embeddable":true,"href":"https:\/\/www.bonuscard.co.za\/af-za\/wp-json\/wp\/v2\/users\/1"}],"replies":[{"embeddable":true,"href":"https:\/\/www.bonuscard.co.za\/af-za\/wp-json\/wp\/v2\/comments?post=100763"}],"version-history":[{"count":2,"href":"https:\/\/www.bonuscard.co.za\/af-za\/wp-json\/wp\/v2\/pages\/100763\/revisions"}],"predecessor-version":[{"id":100765,"href":"https:\/\/www.bonuscard.co.za\/af-za\/wp-json\/wp\/v2\/pages\/100763\/revisions\/100765"}],"wp:attachment":[{"href":"https:\/\/www.bonuscard.co.za\/af-za\/wp-json\/wp\/v2\/media?parent=100763"}],"curies":[{"name":"wp","href":"https:\/\/api.w.org\/{rel}","templated":true}]}}